{"id":116,"date":"2023-06-01T00:20:18","date_gmt":"2023-06-01T00:20:18","guid":{"rendered":"http:\/\/abanamudanzas.com.ar\/blog\/?page_id=116"},"modified":"2023-06-01T00:21:00","modified_gmt":"2023-06-01T00:21:00","slug":"mudanzas-domiciliarias","status":"publish","type":"page","link":"http:\/\/abanamudanzas.com.ar\/blog\/mudanzas-domiciliarias\/","title":{"rendered":"Mudanzas domiciliarias"},"content":{"rendered":"\t\t<div data-elementor-type=\"wp-page\" data-elementor-id=\"116\" class=\"elementor elementor-116\" data-elementor-post-type=\"page\">\n\t\t\t\t\t\t<section class=\"elementor-section elementor-top-section elementor-element elementor-element-a5f5712 elementor-section-boxed elementor-section-height-default elementor-section-height-default\" data-id=\"a5f5712\" data-element_type=\"section\" data-e-type=\"section\">\n\t\t\t\t\t\t<div class=\"elementor-container elementor-column-gap-default\">\n\t\t\t\t\t<div class=\"elementor-column elementor-col-50 elementor-top-column elementor-element elementor-element-f6b67dd\" data-id=\"f6b67dd\" data-element_type=\"column\" data-e-type=\"column\">\n\t\t\t<div class=\"elementor-widget-wrap elementor-element-populated\">\n\t\t\t\t\t\t<div class=\"elementor-element elementor-element-0e77ed0 elementor-widget elementor-widget-image\" data-id=\"0e77ed0\" data-element_type=\"widget\" data-e-type=\"widget\" data-widget_type=\"image.default\">\n\t\t\t\t<div class=\"elementor-widget-container\">\n\t\t\t\t\t\t\t\t\t\t\t\t\t\t\t<img fetchpriority=\"high\" decoding=\"async\" width=\"800\" height=\"450\" src=\"http:\/\/abanamudanzas.com.ar\/blog\/wp-content\/uploads\/2023\/05\/WhatsApp-Image-2023-05-31-at-9.49.59-AM-1-1024x576.jpeg\" class=\"attachment-large size-large wp-image-84\" alt=\"\" srcset=\"http:\/\/abanamudanzas.com.ar\/blog\/wp-content\/uploads\/2023\/05\/WhatsApp-Image-2023-05-31-at-9.49.59-AM-1-1024x576.jpeg 1024w, http:\/\/abanamudanzas.com.ar\/blog\/wp-content\/uploads\/2023\/05\/WhatsApp-Image-2023-05-31-at-9.49.59-AM-1-300x169.jpeg 300w, http:\/\/abanamudanzas.com.ar\/blog\/wp-content\/uploads\/2023\/05\/WhatsApp-Image-2023-05-31-at-9.49.59-AM-1-768x432.jpeg 768w, http:\/\/abanamudanzas.com.ar\/blog\/wp-content\/uploads\/2023\/05\/WhatsApp-Image-2023-05-31-at-9.49.59-AM-1-1536x864.jpeg 1536w, http:\/\/abanamudanzas.com.ar\/blog\/wp-content\/uploads\/2023\/05\/WhatsApp-Image-2023-05-31-at-9.49.59-AM-1.jpeg 1599w\" sizes=\"(max-width: 800px) 100vw, 800px\" \/>\t\t\t\t\t\t\t\t\t\t\t\t\t\t\t<\/div>\n\t\t\t\t<\/div>\n\t\t\t\t\t<\/div>\n\t\t<\/div>\n\t\t\t\t<div class=\"elementor-column elementor-col-50 elementor-top-column elementor-element elementor-element-34f45a9\" data-id=\"34f45a9\" data-element_type=\"column\" data-e-type=\"column\">\n\t\t\t<div class=\"elementor-widget-wrap elementor-element-populated\">\n\t\t\t\t\t\t<div class=\"elementor-element elementor-element-afbd25f elementor-widget elementor-widget-text-editor\" data-id=\"afbd25f\" data-element_type=\"widget\" data-e-type=\"widget\" data-widget_type=\"text-editor.default\">\n\t\t\t\t<div class=\"elementor-widget-container\">\n\t\t\t\t\t\t\t\t\t<p>En nuestro servicio de mudanzas domiciliarias, nos dedicamos a facilitarle el traslado de sus bienes de manera segura y eficiente a su nuevo hogar. Nuestro equipo de profesionales altamente capacitados y con amplia experiencia en el sector se encargar\u00e1 de todo lo necesario para que su mudanza sea una experiencia libre de estr\u00e9s.<\/p><p>Ofrecemos un servicio completo que incluye el desarme y armado de muebles, el embalaje y el transporte de sus pertenencias a su nuevo hogar. Contamos con un equipamiento moderno y adecuado para garantizar la seguridad y protecci\u00f3n de sus bienes durante el traslado.<\/p><p>Adem\u00e1s, ofrecemos un servicio personalizado para satisfacer las necesidades espec\u00edficas de nuestros clientes. Desde el primer momento, uno de nuestros asesores se pondr\u00e1 en contacto con usted para evaluar sus necesidades y presupuesto, y para ofrecerle el mejor plan de mudanza para su hogar.<\/p><p>En nuestro servicio de mudanzas domiciliarias, nuestra prioridad es la satisfacci\u00f3n del cliente. Trabajamos con dedicaci\u00f3n y esmero para asegurar que cada mudanza sea realizada con la m\u00e1xima calidad y atenci\u00f3n al detalle.<\/p><p>No se preocupe por los detalles de su mudanza, nosotros nos encargamos de todo para que usted pueda disfrutar de su nuevo hogar con total tranquilidad. \u00a1Cont\u00e1ctenos hoy mismo para solicitar su presupuesto sin cargo y comenzar a planificar su mudanza con nosotros!<\/p>\t\t\t\t\t\t\t\t<\/div>\n\t\t\t\t<\/div>\n\t\t\t\t\t<\/div>\n\t\t<\/div>\n\t\t\t\t\t<\/div>\n\t\t<\/section>\n\t\t\t\t<\/div>\n\t\t","protected":false},"excerpt":{"rendered":"<p>En nuestro servicio de mudanzas domiciliarias, nos dedicamos a facilitarle el traslado de sus bienes de manera segura y eficiente a su nuevo hogar. Nuestro equipo de profesionales altamente capacitados y con amplia experiencia en el sector se encargar\u00e1 de todo lo necesario para que su mudanza sea una experiencia libre de estr\u00e9s. Ofrecemos un [&hellip;]<\/p>\n","protected":false},"author":2,"featured_media":0,"parent":0,"menu_order":0,"comment_status":"closed","ping_status":"closed","template":"","meta":{"footnotes":""},"class_list":["post-116","page","type-page","status-publish","hentry"],"_links":{"self":[{"href":"http:\/\/abanamudanzas.com.ar\/blog\/wp-json\/wp\/v2\/pages\/116","targetHints":{"allow":["GET"]}}],"collection":[{"href":"http:\/\/abanamudanzas.com.ar\/blog\/wp-json\/wp\/v2\/pages"}],"about":[{"href":"http:\/\/abanamudanzas.com.ar\/blog\/wp-json\/wp\/v2\/types\/page"}],"author":[{"embeddable":true,"href":"http:\/\/abanamudanzas.com.ar\/blog\/wp-json\/wp\/v2\/users\/2"}],"replies":[{"embeddable":true,"href":"http:\/\/abanamudanzas.com.ar\/blog\/wp-json\/wp\/v2\/comments?post=116"}],"version-history":[{"count":4,"href":"http:\/\/abanamudanzas.com.ar\/blog\/wp-json\/wp\/v2\/pages\/116\/revisions"}],"predecessor-version":[{"id":121,"href":"http:\/\/abanamudanzas.com.ar\/blog\/wp-json\/wp\/v2\/pages\/116\/revisions\/121"}],"wp:attachment":[{"href":"http:\/\/abanamudanzas.com.ar\/blog\/wp-json\/wp\/v2\/media?parent=116"}],"curies":[{"name":"wp","href":"https:\/\/api.w.org\/{rel}","templated":true}]}}