{"id":123,"date":"2023-06-12T20:33:08","date_gmt":"2023-06-12T20:33:08","guid":{"rendered":"http:\/\/abanamudanzas.com.ar\/blog\/?page_id=123"},"modified":"2023-08-08T20:27:03","modified_gmt":"2023-08-08T20:27:03","slug":"elevaciones","status":"publish","type":"page","link":"http:\/\/abanamudanzas.com.ar\/blog\/elevaciones\/","title":{"rendered":"Elevaciones"},"content":{"rendered":"\t\t<div data-elementor-type=\"wp-page\" data-elementor-id=\"123\" class=\"elementor elementor-123\" data-elementor-post-type=\"page\">\n\t\t\t\t\t\t<section class=\"elementor-section elementor-top-section elementor-element elementor-element-893f510 elementor-section-boxed elementor-section-height-default elementor-section-height-default\" data-id=\"893f510\" data-element_type=\"section\" data-e-type=\"section\">\n\t\t\t\t\t\t<div class=\"elementor-container elementor-column-gap-default\">\n\t\t\t\t\t<div class=\"elementor-column elementor-col-50 elementor-top-column elementor-element elementor-element-1ea3de5\" data-id=\"1ea3de5\" data-element_type=\"column\" data-e-type=\"column\">\n\t\t\t<div class=\"elementor-widget-wrap elementor-element-populated\">\n\t\t\t\t\t\t<div class=\"elementor-element elementor-element-4489922 elementor-widget elementor-widget-image\" data-id=\"4489922\" data-element_type=\"widget\" data-e-type=\"widget\" data-widget_type=\"image.default\">\n\t\t\t\t<div class=\"elementor-widget-container\">\n\t\t\t\t\t\t\t\t\t\t\t\t\t\t\t<img fetchpriority=\"high\" decoding=\"async\" width=\"576\" height=\"1024\" src=\"http:\/\/abanamudanzas.com.ar\/blog\/wp-content\/uploads\/2023\/06\/WhatsApp-Image-2023-05-31-at-9.50.01-AM-2-576x1024.jpeg\" class=\"attachment-large size-large wp-image-140\" alt=\"\" srcset=\"http:\/\/abanamudanzas.com.ar\/blog\/wp-content\/uploads\/2023\/06\/WhatsApp-Image-2023-05-31-at-9.50.01-AM-2-576x1024.jpeg 576w, http:\/\/abanamudanzas.com.ar\/blog\/wp-content\/uploads\/2023\/06\/WhatsApp-Image-2023-05-31-at-9.50.01-AM-2-169x300.jpeg 169w, http:\/\/abanamudanzas.com.ar\/blog\/wp-content\/uploads\/2023\/06\/WhatsApp-Image-2023-05-31-at-9.50.01-AM-2-768x1366.jpeg 768w, http:\/\/abanamudanzas.com.ar\/blog\/wp-content\/uploads\/2023\/06\/WhatsApp-Image-2023-05-31-at-9.50.01-AM-2-864x1536.jpeg 864w, http:\/\/abanamudanzas.com.ar\/blog\/wp-content\/uploads\/2023\/06\/WhatsApp-Image-2023-05-31-at-9.50.01-AM-2.jpeg 899w\" sizes=\"(max-width: 576px) 100vw, 576px\" \/>\t\t\t\t\t\t\t\t\t\t\t\t\t\t\t<\/div>\n\t\t\t\t<\/div>\n\t\t\t\t\t<\/div>\n\t\t<\/div>\n\t\t\t\t<div class=\"elementor-column elementor-col-50 elementor-top-column elementor-element elementor-element-bf78426\" data-id=\"bf78426\" data-element_type=\"column\" data-e-type=\"column\">\n\t\t\t<div class=\"elementor-widget-wrap elementor-element-populated\">\n\t\t\t\t\t\t<div class=\"elementor-element elementor-element-6147bcc elementor-widget elementor-widget-image\" data-id=\"6147bcc\" data-element_type=\"widget\" data-e-type=\"widget\" data-widget_type=\"image.default\">\n\t\t\t\t<div class=\"elementor-widget-container\">\n\t\t\t\t\t\t\t\t\t\t\t\t\t\t\t<img decoding=\"async\" src=\"http:\/\/abanamudanzas.com.ar\/blog\/wp-content\/uploads\/elementor\/thumbs\/logo-elevacion-q6wm3fnxbiwl49ol88lhnrgtb88tuk3yja27fhx078.png\" title=\"logo elevacion\" alt=\"logo elevacion\" loading=\"lazy\" \/>\t\t\t\t\t\t\t\t\t\t\t\t\t\t\t<\/div>\n\t\t\t\t<\/div>\n\t\t\t\t<div class=\"elementor-element elementor-element-c945bb3 elementor-widget elementor-widget-text-editor\" data-id=\"c945bb3\" data-element_type=\"widget\" data-e-type=\"widget\" data-widget_type=\"text-editor.default\">\n\t\t\t\t<div class=\"elementor-widget-container\">\n\t\t\t\t\t\t\t\t\t<p>En nuestro servicio de elevaci\u00f3n de muebles y objetos pesados con aparejos, nos especializamos en facilitar la manipulaci\u00f3n de objetos voluminosos y pesados en espacios reducidos o de dif\u00edcil acceso. Contamos con un equipo de profesionales altamente capacitados y experimentados en el uso de aparejos para garantizar la seguridad y protecci\u00f3n de sus bienes.<\/p><p>Ofrecemos un servicio completo que incluye la evaluaci\u00f3n de la situaci\u00f3n, la selecci\u00f3n de los aparejos adecuados, el izaje y la colocaci\u00f3n segura de sus muebles y objetos pesados en su nueva ubicaci\u00f3n. Utilizamos t\u00e9cnicas y herramientas modernas y seguras para garantizar la eficiencia y precisi\u00f3n en cada trabajo.<\/p><p>Adem\u00e1s, ofrecemos un servicio personalizado para satisfacer las necesidades espec\u00edficas de nuestros clientes. Desde el primer momento, uno de nuestros asesores se pondr\u00e1 en contacto con usted para evaluar sus necesidades y presupuesto, y para ofrecerle el mejor plan de elevaci\u00f3n de muebles y objetos pesados con aparejos para su hogar o negocio.<\/p><p>En nuestro servicio de elevaci\u00f3n de muebles y objetos pesados con aparejos, nuestra prioridad es la satisfacci\u00f3n del cliente. Trabajamos con dedicaci\u00f3n y esmero para asegurar que cada trabajo sea realizado con la m\u00e1xima calidad y atenci\u00f3n al detalle.<\/p><p>No se preocupe por la manipulaci\u00f3n de sus objetos pesados, nosotros nos encargamos de todo para que usted pueda disfrutar de su nuevo espacio con total tranquilidad. \u00a1Cont\u00e1ctenos hoy mismo para solicitar su presupuesto sin cargo y comenzar a planificar la elevaci\u00f3n de sus muebles y objetos pesados con aparejos con nosotros!<\/p>\t\t\t\t\t\t\t\t<\/div>\n\t\t\t\t<\/div>\n\t\t\t\t\t<\/div>\n\t\t<\/div>\n\t\t\t\t\t<\/div>\n\t\t<\/section>\n\t\t\t\t<\/div>\n\t\t","protected":false},"excerpt":{"rendered":"<p>En nuestro servicio de elevaci\u00f3n de muebles y objetos pesados con aparejos, nos especializamos en facilitar la manipulaci\u00f3n de objetos voluminosos y pesados en espacios reducidos o de dif\u00edcil acceso. Contamos con un equipo de profesionales altamente capacitados y experimentados en el uso de aparejos para garantizar la seguridad y protecci\u00f3n de sus bienes. Ofrecemos [&hellip;]<\/p>\n","protected":false},"author":2,"featured_media":0,"parent":0,"menu_order":0,"comment_status":"closed","ping_status":"closed","template":"","meta":{"footnotes":""},"class_list":["post-123","page","type-page","status-publish","hentry"],"_links":{"self":[{"href":"http:\/\/abanamudanzas.com.ar\/blog\/wp-json\/wp\/v2\/pages\/123","targetHints":{"allow":["GET"]}}],"collection":[{"href":"http:\/\/abanamudanzas.com.ar\/blog\/wp-json\/wp\/v2\/pages"}],"about":[{"href":"http:\/\/abanamudanzas.com.ar\/blog\/wp-json\/wp\/v2\/types\/page"}],"author":[{"embeddable":true,"href":"http:\/\/abanamudanzas.com.ar\/blog\/wp-json\/wp\/v2\/users\/2"}],"replies":[{"embeddable":true,"href":"http:\/\/abanamudanzas.com.ar\/blog\/wp-json\/wp\/v2\/comments?post=123"}],"version-history":[{"count":10,"href":"http:\/\/abanamudanzas.com.ar\/blog\/wp-json\/wp\/v2\/pages\/123\/revisions"}],"predecessor-version":[{"id":219,"href":"http:\/\/abanamudanzas.com.ar\/blog\/wp-json\/wp\/v2\/pages\/123\/revisions\/219"}],"wp:attachment":[{"href":"http:\/\/abanamudanzas.com.ar\/blog\/wp-json\/wp\/v2\/media?parent=123"}],"curies":[{"name":"wp","href":"https:\/\/api.w.org\/{rel}","templated":true}]}}