{"id":154,"date":"2023-06-12T22:00:27","date_gmt":"2023-06-12T22:00:27","guid":{"rendered":"http:\/\/abanamudanzas.com.ar\/blog\/?page_id=154"},"modified":"2023-06-12T22:01:23","modified_gmt":"2023-06-12T22:01:23","slug":"guardamuebles","status":"publish","type":"page","link":"http:\/\/abanamudanzas.com.ar\/blog\/guardamuebles\/","title":{"rendered":"Guardamuebles"},"content":{"rendered":"\t\t<div data-elementor-type=\"wp-page\" data-elementor-id=\"154\" class=\"elementor elementor-154\" data-elementor-post-type=\"page\">\n\t\t\t\t\t\t<section class=\"elementor-section elementor-top-section elementor-element elementor-element-a559e56 elementor-section-boxed elementor-section-height-default elementor-section-height-default\" data-id=\"a559e56\" data-element_type=\"section\" data-e-type=\"section\">\n\t\t\t\t\t\t<div class=\"elementor-container elementor-column-gap-default\">\n\t\t\t\t\t<div class=\"elementor-column elementor-col-50 elementor-top-column elementor-element elementor-element-1230a1e\" data-id=\"1230a1e\" data-element_type=\"column\" data-e-type=\"column\">\n\t\t\t<div class=\"elementor-widget-wrap elementor-element-populated\">\n\t\t\t\t\t\t<div class=\"elementor-element elementor-element-2e4b770 elementor-widget elementor-widget-image\" data-id=\"2e4b770\" data-element_type=\"widget\" data-e-type=\"widget\" data-widget_type=\"image.default\">\n\t\t\t\t<div class=\"elementor-widget-container\">\n\t\t\t\t\t\t\t\t\t\t\t\t\t\t\t<img fetchpriority=\"high\" decoding=\"async\" width=\"474\" height=\"326\" src=\"http:\/\/abanamudanzas.com.ar\/blog\/wp-content\/uploads\/2023\/06\/Furniture-Storage-Unit-1.png\" class=\"attachment-large size-large wp-image-157\" alt=\"\" srcset=\"http:\/\/abanamudanzas.com.ar\/blog\/wp-content\/uploads\/2023\/06\/Furniture-Storage-Unit-1.png 474w, http:\/\/abanamudanzas.com.ar\/blog\/wp-content\/uploads\/2023\/06\/Furniture-Storage-Unit-1-300x206.png 300w\" sizes=\"(max-width: 474px) 100vw, 474px\" \/>\t\t\t\t\t\t\t\t\t\t\t\t\t\t\t<\/div>\n\t\t\t\t<\/div>\n\t\t\t\t\t<\/div>\n\t\t<\/div>\n\t\t\t\t<div class=\"elementor-column elementor-col-50 elementor-top-column elementor-element elementor-element-6575317\" data-id=\"6575317\" data-element_type=\"column\" data-e-type=\"column\">\n\t\t\t<div class=\"elementor-widget-wrap elementor-element-populated\">\n\t\t\t\t\t\t<div class=\"elementor-element elementor-element-69f1003 elementor-widget elementor-widget-text-editor\" data-id=\"69f1003\" data-element_type=\"widget\" data-e-type=\"widget\" data-widget_type=\"text-editor.default\">\n\t\t\t\t<div class=\"elementor-widget-container\">\n\t\t\t\t\t\t\t\t\t<p>En nuestro servicio de guardamuebles, ofrecemos la soluci\u00f3n perfecta para aquellos que necesitan un espacio seguro y confiable para almacenar sus muebles y objetos personales por un tiempo determinado. Contamos con instalaciones seguras con una amplia variedad de servicios para satisfacer sus necesidades de almacenamiento.<\/p><p>Nuestro servicio de guardamuebles incluye un sistema de seguridad de \u00faltima generaci\u00f3n con c\u00e1maras de vigilancia y alarmas conectadas a una empresa de seguridad, lo que garantiza la seguridad y protecci\u00f3n de sus bienes durante su estancia en nuestras instalaciones. Adem\u00e1s, contamos con un equipo de profesionales altamente capacitados y experimentados en la manipulaci\u00f3n y almacenamiento de muebles y objetos personales.<\/p><p>Ofrecemos un servicio flexible y personalizado que se adapta a sus necesidades espec\u00edficas. Si necesita almacenar sus bienes por un corto o largo plazo, tenemos diferentes opciones y precios para ajustarse a su presupuesto.<\/p><p>En nuestro servicio de guardamuebles, nos preocupamos por la satisfacci\u00f3n del cliente. Trabajamos con dedicaci\u00f3n y esmero para asegurar que sus bienes est\u00e9n en perfecto estado durante su estancia en nuestras instalaciones. Nos aseguramos de que cada unidad de guardamuebles est\u00e9 limpia y bien mantenida, y nos esforzamos por brindarle la mejor experiencia de almacenamiento posible.<\/p><p>No se preocupe por el almacenamiento de sus muebles y objetos personales, nosotros nos encargamos de todo para que pueda tener la tranquilidad de saber que sus bienes est\u00e1n en buenas manos. \u00a1Cont\u00e1ctenos hoy mismo para solicitar su presupuesto sin cargo y comenzar a planificar su almacenamiento en nuestro servicio de guardamuebles!<\/p>\t\t\t\t\t\t\t\t<\/div>\n\t\t\t\t<\/div>\n\t\t\t\t\t<\/div>\n\t\t<\/div>\n\t\t\t\t\t<\/div>\n\t\t<\/section>\n\t\t\t\t<\/div>\n\t\t","protected":false},"excerpt":{"rendered":"<p>En nuestro servicio de guardamuebles, ofrecemos la soluci\u00f3n perfecta para aquellos que necesitan un espacio seguro y confiable para almacenar sus muebles y objetos personales por un tiempo determinado. Contamos con instalaciones seguras con una amplia variedad de servicios para satisfacer sus necesidades de almacenamiento. Nuestro servicio de guardamuebles incluye un sistema de seguridad de [&hellip;]<\/p>\n","protected":false},"author":2,"featured_media":0,"parent":0,"menu_order":0,"comment_status":"closed","ping_status":"closed","template":"","meta":{"footnotes":""},"class_list":["post-154","page","type-page","status-publish","hentry"],"_links":{"self":[{"href":"http:\/\/abanamudanzas.com.ar\/blog\/wp-json\/wp\/v2\/pages\/154","targetHints":{"allow":["GET"]}}],"collection":[{"href":"http:\/\/abanamudanzas.com.ar\/blog\/wp-json\/wp\/v2\/pages"}],"about":[{"href":"http:\/\/abanamudanzas.com.ar\/blog\/wp-json\/wp\/v2\/types\/page"}],"author":[{"embeddable":true,"href":"http:\/\/abanamudanzas.com.ar\/blog\/wp-json\/wp\/v2\/users\/2"}],"replies":[{"embeddable":true,"href":"http:\/\/abanamudanzas.com.ar\/blog\/wp-json\/wp\/v2\/comments?post=154"}],"version-history":[{"count":4,"href":"http:\/\/abanamudanzas.com.ar\/blog\/wp-json\/wp\/v2\/pages\/154\/revisions"}],"predecessor-version":[{"id":160,"href":"http:\/\/abanamudanzas.com.ar\/blog\/wp-json\/wp\/v2\/pages\/154\/revisions\/160"}],"wp:attachment":[{"href":"http:\/\/abanamudanzas.com.ar\/blog\/wp-json\/wp\/v2\/media?parent=154"}],"curies":[{"name":"wp","href":"https:\/\/api.w.org\/{rel}","templated":true}]}}